{"id":25,"date":"2016-03-23T20:38:55","date_gmt":"2016-03-23T19:38:55","guid":{"rendered":"http:\/\/histoiredemassage.com\/?page_id=25"},"modified":"2024-12-06T11:58:14","modified_gmt":"2024-12-06T10:58:14","slug":"massages-et-reflexologie-plantaire","status":"publish","type":"page","link":"https:\/\/histoiredemassage.com\/","title":{"rendered":"Les diff\u00e9rents massages"},"content":{"rendered":"<p><b>Le Signature \u201cHistoire de massage\u201d: 1h ou 1h15<\/b><\/p>\n<p>Alliant plusieurs techniques (californien, shiatsu, su\u00e9dois, lomi-lomi), ce massage symbolise la relaxation totale. Tr\u00e8s complet, il procure une profonde d\u00e9tente et un r\u00e9el l\u00e2cher-prise. Il peut se pratiquer de mani\u00e8re plus ou moins appuy\u00e9e, \u00e0 vous de choisir\u00a0! Bienvenue dans votre voyage int\u00e9rieur&#8230;<\/p>\n<p><img decoding=\"async\" loading=\"lazy\" class=\"size-medium wp-image-133\" src=\"https:\/\/i1.wp.com\/histoiredemassage.com\/wp-content\/uploads\/2016\/04\/Fotolia_65642155_M.jpg?resize=632%2C434\" alt=\"Spa background in the range of brown and yellow. Selective focus.\" srcset=\"https:\/\/i1.wp.com\/histoiredemassage.com\/wp-content\/uploads\/2016\/04\/Fotolia_65642155_M.jpg?resize=632%2C434 632w, https:\/\/i1.wp.com\/histoiredemassage.com\/wp-content\/uploads\/2016\/04\/Fotolia_65642155_M.jpg?resize=768%2C528 768w, https:\/\/i1.wp.com\/histoiredemassage.com\/wp-content\/uploads\/2016\/04\/Fotolia_65642155_M.jpg?resize=1020%2C701 1020w, https:\/\/i1.wp.com\/histoiredemassage.com\/wp-content\/uploads\/2016\/04\/Fotolia_65642155_M.jpg?w=1663 1663w\" sizes=\"(max-width: 632px) 100vw, 632px\" data-recalc-dims=\"1\" \/><\/p>\n<p><b>Le Su\u00e9dois ou massage sportif : 1h ou 1h15<\/b><\/p>\n<p>Oubliez les meubles en bois et les vikings\u00a0! Profitez de ce que la Su\u00e8de a de mieux \u00e0 offrir: un massage vigoureux qui d\u00e9tendra vos muscles endoloris!<\/p>\n<p>Massage de r\u00e9cup\u00e9ration musculaire par excellence, profond et puissant, il a une action sur les tensions musculaires, \u00e9limine les toxines et aide \u00e0 faire circuler l&#8217;acide lactique. Mouvements adapt\u00e9s selon les points de tension ressentis et selon vos attentes.<\/p>\n<p><b>Le Lomi-Lomi (Hawa\u00efen)\u00a0: 1h ou 1h15<\/b><\/p>\n<p>Faites un saut \u00e0 Hawaii, le temps de recevoir un authentique massage en direct des fameuses \u00eeles paradisiaques. En Hawa\u00efen lorsqu\u2019une voyelle ou un mot est r\u00e9p\u00e9t\u00e9, cela indique une intensit\u00e9 et une importance particuli\u00e8res. En effet ce massage par des pressions gliss\u00e9es, r\u00e9p\u00e9t\u00e9es avec les avant-bras et les mains, participe \u00e0 lib\u00e9rer des noeuds ou tensions que vous pouvez ressentir. Magnifique massage complet du corps et du visage par des mouvements doux, englobants, tr\u00e8s pos\u00e9s&#8230;relaxation assur\u00e9e\u00a0!<\/p>\n<p><img decoding=\"async\" loading=\"lazy\" class=\"size-medium wp-image-132\" src=\"https:\/\/i0.wp.com\/histoiredemassage.com\/wp-content\/uploads\/2016\/04\/Fotolia_49782298_S.jpg?resize=632%2C421\" alt=\"Man Massage\" srcset=\"https:\/\/i0.wp.com\/histoiredemassage.com\/wp-content\/uploads\/2016\/04\/Fotolia_49782298_S.jpg?resize=632%2C421 632w, https:\/\/i0.wp.com\/histoiredemassage.com\/wp-content\/uploads\/2016\/04\/Fotolia_49782298_S.jpg?resize=768%2C512 768w, https:\/\/i0.wp.com\/histoiredemassage.com\/wp-content\/uploads\/2016\/04\/Fotolia_49782298_S.jpg?w=849 849w\" sizes=\"(max-width: 632px) 100vw, 632px\" data-recalc-dims=\"1\" \/><\/p>\n<p><b>L&#8217;Ayurv\u00e9dique Abyanga\u00a0: 1h ou 1h15<\/b><\/p>\n<p>Faisant partie int\u00e9grante de la m\u00e9decine ayurv\u00e9dique, c&#8217;est le plus populaire des massages indiens. Il repose sur le concept d&#8217;\u00e9nergie (prana) qui traverse notre corps par diff\u00e9rents m\u00e9ridiens \u00e9nerg\u00e9tiques (nadi). Le but \u00e9tant de r\u00e9\u00e9quilibrer ces \u00e9nergies par une alternance de geste doux et toniques. Vous vous sentez fatigu\u00e9\u00a0? Le massage va re-dynamiser votre \u00e9nergie&#8230; A l&#8217;inverse, vous \u00eates str\u00e9ss\u00e9, tendu, nerveux\u00a0? Il va vous apaiser, harmoniser votre flux \u00e9nerg\u00e9tique.<\/p>\n<p><img decoding=\"async\" loading=\"lazy\" class=\"alignnone size-medium wp-image-137\" src=\"https:\/\/i0.wp.com\/histoiredemassage.com\/wp-content\/uploads\/2016\/04\/Fotolia_85739000_M.jpg?resize=632%2C421\" alt=\"hand massage\" srcset=\"https:\/\/i0.wp.com\/histoiredemassage.com\/wp-content\/uploads\/2016\/04\/Fotolia_85739000_M.jpg?resize=632%2C421 632w, https:\/\/i0.wp.com\/histoiredemassage.com\/wp-content\/uploads\/2016\/04\/Fotolia_85739000_M.jpg?resize=768%2C512 768w, https:\/\/i0.wp.com\/histoiredemassage.com\/wp-content\/uploads\/2016\/04\/Fotolia_85739000_M.jpg?resize=1020%2C680 1020w, https:\/\/i0.wp.com\/histoiredemassage.com\/wp-content\/uploads\/2016\/04\/Fotolia_85739000_M.jpg?w=1688 1688w\" sizes=\"(max-width: 632px) 100vw, 632px\" data-recalc-dims=\"1\" \/><\/p>\n<p><b>Le Massage \u00e0 la carte\u00a0: <\/b>inventer le massage dont vous r\u00eaver&#8230;si vous n&#8217;avez envie que d&#8217;un<b> <\/b>massage du dos, des jambes etc, c&#8217;est possible\u00a0! Il pourra durer 30 min, 45 min, 1h ou 1h15, c&#8217;est vous qui choisissez.<\/p>\n<p><b>R\u00e9flexologie plantaire\u00a0: 50 min<br \/>\n<\/b><\/p>\n<p>Il s\u2019agit d\u2019un massage doux des pieds r\u00e9alis\u00e9 avec les doigts ou \u00e0 l\u2019aide d\u2019un stylet par pression des zones r\u00e9flexes de la vo\u00fbte plantaire.<br \/>\nC\u2019est une technique ma\u00eetris\u00e9e d\u2019action manuelle sur des points et des zones r\u00e9flexes situ\u00e9es sur la plante des pieds. Ces points et zones correspondent \u00e0 la cartographie exacte de l\u2019ensemble de notre anatomie, dans laquelle on retrouve tous les syst\u00e8mes fonctionnels et organiques.<\/p>\n<p>Consid\u00e9r\u00e9 comme une m\u00e9decine douce, la r\u00e9flexologie plantaire permet de localiser les tensions du corps et autres dysfonctionnements et de les soulager. Elle permet d\u2019entretenir et\/ou de r\u00e9tablir l\u2019\u00e9quilibre \u00e9nerg\u00e9tique de l\u2019ensemble du corps et de ses fonctions naturelles.<\/p>\n<p><img decoding=\"async\" loading=\"lazy\" class=\"alignnone size-medium wp-image-128\" src=\"https:\/\/i1.wp.com\/histoiredemassage.com\/wp-content\/uploads\/2016\/03\/DSC_4991-1.jpg?resize=632%2C423\" alt=\"DSC_4991\" srcset=\"https:\/\/i1.wp.com\/histoiredemassage.com\/wp-content\/uploads\/2016\/03\/DSC_4991-1.jpg?resize=632%2C423 632w, https:\/\/i1.wp.com\/histoiredemassage.com\/wp-content\/uploads\/2016\/03\/DSC_4991-1.jpg?resize=768%2C514 768w, https:\/\/i1.wp.com\/histoiredemassage.com\/wp-content\/uploads\/2016\/03\/DSC_4991-1.jpg?resize=1020%2C683 1020w\" sizes=\"(max-width: 632px) 100vw, 632px\" data-recalc-dims=\"1\" \/><\/p>\n<p>&nbsp;<\/p>\n","protected":false},"excerpt":{"rendered":"<p class=\"post-excerpt\">Le Signature \u201cHistoire de massage\u201d: 1h ou 1h15 Alliant plusieurs techniques (californien,&hellip;<\/p>\n<div class=\"link-more\"><a href=\"https:\/\/histoiredemassage.com\/\">Continue reading<span class=\"screen-reader-text\"> \"Les diff\u00e9rents massages\"<\/span>&hellip;<\/a><\/div>","protected":false},"author":1,"featured_media":0,"parent":0,"menu_order":0,"comment_status":"closed","ping_status":"closed","template":"","meta":[],"_links":{"self":[{"href":"https:\/\/histoiredemassage.com\/index.php\/wp-json\/wp\/v2\/pages\/25"}],"collection":[{"href":"https:\/\/histoiredemassage.com\/index.php\/wp-json\/wp\/v2\/pages"}],"about":[{"href":"https:\/\/histoiredemassage.com\/index.php\/wp-json\/wp\/v2\/types\/page"}],"author":[{"embeddable":true,"href":"https:\/\/histoiredemassage.com\/index.php\/wp-json\/wp\/v2\/users\/1"}],"replies":[{"embeddable":true,"href":"https:\/\/histoiredemassage.com\/index.php\/wp-json\/wp\/v2\/comments?post=25"}],"version-history":[{"count":21,"href":"https:\/\/histoiredemassage.com\/index.php\/wp-json\/wp\/v2\/pages\/25\/revisions"}],"predecessor-version":[{"id":6096,"href":"https:\/\/histoiredemassage.com\/index.php\/wp-json\/wp\/v2\/pages\/25\/revisions\/6096"}],"wp:attachment":[{"href":"https:\/\/histoiredemassage.com\/index.php\/wp-json\/wp\/v2\/media?parent=25"}],"curies":[{"name":"wp","href":"https:\/\/api.w.org\/{rel}","templated":true}]}}