{"id":32,"date":"2016-03-23T20:46:57","date_gmt":"2016-03-23T19:46:57","guid":{"rendered":"http:\/\/histoiredemassage.com\/?page_id=32"},"modified":"2024-12-06T12:04:32","modified_gmt":"2024-12-06T11:04:32","slug":"tarifs","status":"publish","type":"page","link":"https:\/\/histoiredemassage.com\/index.php\/tarifs\/","title":{"rendered":"Tarifs &#038; id\u00e9es cadeaux"},"content":{"rendered":"<p><strong>Massages Signature, Su\u00e9dois, Ayurv\u00e9dique et Lomi-Lomi\u00a0:<\/strong><br \/>\n<span style=\"font-size: medium;\"> 1h = 55 \u20ac<\/span><br \/>\n<span style=\"font-size: medium;\"> 1h15 = 68 \u20ac<\/span><\/p>\n<p><span style=\"font-size: medium;\"><strong>Massage \u00e0 la carte\u00a0:<\/strong> <\/span><br \/>\n<span style=\"font-size: medium;\"> 30 min = 30 \u20ac 45 min = 43 \u20ac 1h = 55 \u20ac 1h15 = 68 \u20ac<\/span><\/p>\n<p><span style=\"font-size: medium;\"><b>R\u00e9flexologie plantaire\u00a0:<\/b><\/span><br \/>\n50 min\u00a0 <span style=\"font-size: medium;\">= 45 \u20ac<\/span><br \/>\n<span style=\"font-size: medium;\"> Forfait 3 s\u00e9ances = 120 \u20ac<\/span><br \/>\n<span style=\"font-size: medium;\"> Forfait 6 s\u00e9ances = 230 \u20ac<\/span><\/p>\n<p><span style=\"font-size: medium;\"><b>Carte de fid\u00e9lit\u00e9 : profitez de 11 massages pour 10 achet\u00e9s = 550 \u20ac<\/b> &#8230;parce que cela me ferait bien plaisir de vous revoir! <\/span><\/p>\n<p><span style=\"font-size: medium;\"><strong>Carte \u00e0 partager, non nominative, pour en profiter \u00e0 plusieurs :<\/strong> <strong>10 massages = 550 \u20ac, le 11\u00e8me offert.<\/strong><\/span><\/p>\n<p><span style=\"font-size: medium;\"><b>Massage \u00e0 domicile<\/b>\u00a0: la majoration sur le tarif initial du massage d\u00e9pend du nombre de kilom\u00e8tres \u00e0 faire depuis mon cabinet\u00a0:<\/span><br \/>\n<span style=\"font-size: medium;\"> Entre 1 et 10 kms\u00a0: + 3 \u20ac<\/span><br \/>\n<span style=\"font-size: medium;\"> Entre 11 et 20 kms\u00a0: + 6 \u20ac<\/span><br \/>\n<span style=\"font-size: medium;\"> Entre 21 et 30 kms\u00a0: + 10 \u20ac<\/span><br \/>\n<span style=\"font-size: medium;\"> Entre 31 et 40 kms\u00a0: + 13 \u20ac <\/span><\/p>\n<p><span style=\"font-size: medium;\"><b>Id\u00e9es Cadeaux\u00a0: <\/b>n&#8217;h\u00e9sitez pas \u00e0 me contacter si vous avez envie de faire plaisir \u00e0 un(e) proche, nous trouverons ensemble le bon cadeau qu&#8217;il vous faut\u00a0!<\/span><\/p>\n","protected":false},"excerpt":{"rendered":"<p class=\"post-excerpt\">Massages Signature, Su\u00e9dois, Ayurv\u00e9dique et Lomi-Lomi\u00a0: 1h = 55 \u20ac 1h15 =&hellip;<\/p>\n<div class=\"link-more\"><a href=\"https:\/\/histoiredemassage.com\/index.php\/tarifs\/\">Continue reading<span class=\"screen-reader-text\"> \"Tarifs &#038; id\u00e9es cadeaux\"<\/span>&hellip;<\/a><\/div>","protected":false},"author":1,"featured_media":136,"parent":0,"menu_order":0,"comment_status":"closed","ping_status":"closed","template":"page-template\/_fullwidth.php","meta":[],"_links":{"self":[{"href":"https:\/\/histoiredemassage.com\/index.php\/wp-json\/wp\/v2\/pages\/32"}],"collection":[{"href":"https:\/\/histoiredemassage.com\/index.php\/wp-json\/wp\/v2\/pages"}],"about":[{"href":"https:\/\/histoiredemassage.com\/index.php\/wp-json\/wp\/v2\/types\/page"}],"author":[{"embeddable":true,"href":"https:\/\/histoiredemassage.com\/index.php\/wp-json\/wp\/v2\/users\/1"}],"replies":[{"embeddable":true,"href":"https:\/\/histoiredemassage.com\/index.php\/wp-json\/wp\/v2\/comments?post=32"}],"version-history":[{"count":16,"href":"https:\/\/histoiredemassage.com\/index.php\/wp-json\/wp\/v2\/pages\/32\/revisions"}],"predecessor-version":[{"id":6097,"href":"https:\/\/histoiredemassage.com\/index.php\/wp-json\/wp\/v2\/pages\/32\/revisions\/6097"}],"wp:featuredmedia":[{"embeddable":true,"href":"https:\/\/histoiredemassage.com\/index.php\/wp-json\/wp\/v2\/media\/136"}],"wp:attachment":[{"href":"https:\/\/histoiredemassage.com\/index.php\/wp-json\/wp\/v2\/media?parent=32"}],"curies":[{"name":"wp","href":"https:\/\/api.w.org\/{rel}","templated":true}]}}